{"id":17226,"date":"2023-08-11T10:51:43","date_gmt":"2023-08-11T08:51:43","guid":{"rendered":"https:\/\/picard-kg.de\/agencies-abroad\/"},"modified":"2023-12-01T14:07:25","modified_gmt":"2023-12-01T13:07:25","slug":"agencies-abroad","status":"publish","type":"page","link":"https:\/\/picard-kg.de\/en\/agencies-abroad\/","title":{"rendered":"Agencies abroad"},"content":{"rendered":"\n<style type=\"text\/css\" data-created_by=\"avia_inline_auto\" id=\"style-css-av-atu89zf-b46577a9977ee3b6e72b71caa1e11e74\">\n.avia-section.av-atu89zf-b46577a9977ee3b6e72b71caa1e11e74{\nbackground-color:#0069ae;\nbackground-image:unset;\n}\n<\/style>\n<div id='av_section_1'  class='avia-section av-atu89zf-b46577a9977ee3b6e72b71caa1e11e74 main_color avia-section-default avia-no-border-styling  avia-builder-el-0  el_before_av_hr  avia-builder-el-first  avia-bg-style-scroll av-minimum-height av-minimum-height-custom av-height-custom  container_wrap fullsize'   data-av_minimum_height_px='420'><div class='container av-section-cont-open' style='height:420px'><main  role=\"main\" itemprop=\"mainContentOfPage\"  class='template-page content  av-content-full alpha units'><div class='post-entry post-entry-type-page post-entry-17226'><div class='entry-content-wrapper clearfix'>\n<div  class='flex_column av-ak6pk6j-c97b48a697963b47904e1584acc8c1e4 av_one_full  avia-builder-el-1  avia-builder-el-no-sibling  first flex_column_div  '     ><style type=\"text\/css\" data-created_by=\"avia_inline_auto\" id=\"style-css-av-ll6agf4b-a0c5af35ab3baa244dc376653b6c4173\">\n#top .av-special-heading.av-ll6agf4b-a0c5af35ab3baa244dc376653b6c4173{\npadding-bottom:10px;\ncolor:#ffffff;\n}\nbody .av-special-heading.av-ll6agf4b-a0c5af35ab3baa244dc376653b6c4173 .av-special-heading-tag .heading-char{\nfont-size:25px;\n}\n.av-special-heading.av-ll6agf4b-a0c5af35ab3baa244dc376653b6c4173 .special-heading-inner-border{\nborder-color:#ffffff;\n}\n.av-special-heading.av-ll6agf4b-a0c5af35ab3baa244dc376653b6c4173 .av-subheading{\nfont-size:15px;\n}\n<\/style>\n<div  class='av-special-heading av-ll6agf4b-a0c5af35ab3baa244dc376653b6c4173 av-special-heading-h1 custom-color-heading blockquote modern-quote modern-centered  avia-builder-el-2  avia-builder-el-no-sibling '><h1 class='av-special-heading-tag '  itemprop=\"headline\"  >Agencies abroad<\/h1><div class='av_custom_color av-subheading av-subheading_below'><p>Below you will find our agencies abroad who will be pleased to help you with questions, orders and suggestions.<\/p>\n<\/div><div class=\"special-heading-border\"><div class=\"special-heading-inner-border\"><\/div><\/div><\/div><\/div>\n<\/div><\/div><\/main><!-- close content main element --><\/div><\/div><div id='after_section_1'  class='main_color av_default_container_wrap container_wrap fullsize'  ><div class='container av-section-cont-open' ><div class='template-page content  av-content-full alpha units'><div class='post-entry post-entry-type-page post-entry-17226'><div class='entry-content-wrapper clearfix'>\n\n<style type=\"text\/css\" data-created_by=\"avia_inline_auto\" id=\"style-css-av-ll6bj23i-d1549c22510aef7ed6547b2945fa8c56\">\n#top .hr.hr-invisible.av-ll6bj23i-d1549c22510aef7ed6547b2945fa8c56{\nheight:30px;\n}\n<\/style>\n<div  class='hr av-ll6bj23i-d1549c22510aef7ed6547b2945fa8c56 hr-invisible  avia-builder-el-3  el_after_av_section  el_before_av_layout_row  avia-builder-el-no-sibling '><span class='hr-inner '><span class=\"hr-inner-style\"><\/span><\/span><\/div>\n<\/div><\/div><\/div><!-- close content main div --><\/div><\/div><div id='av-layout-grid-1'  class='av-layout-grid-container av-ll6bhbdd-61cb5c9dcfefe83987befc7525342ee8 entry-content-wrapper main_color av-flex-cells  avia-builder-el-4  el_after_av_hr  el_before_av_hr  grid-row-not-first  container_wrap fullsize'  >\n\n<style type=\"text\/css\" data-created_by=\"avia_inline_auto\" id=\"style-css-av-ll6bhguw-5cc0d2adb2805026f832dfa170ae372e\">\n.flex_cell.av-ll6bhguw-5cc0d2adb2805026f832dfa170ae372e{\nvertical-align:top;\n}\n<\/style>\n<div class='flex_cell av-ll6bhguw-5cc0d2adb2805026f832dfa170ae372e av-gridrow-cell av_one_fifth no_margin  avia-builder-el-5  el_before_av_cell_one_fifth  avia-builder-el-first '  ><div class='flex_cell_inner'><\/div><\/div>\n<style type=\"text\/css\" data-created_by=\"avia_inline_auto\" id=\"style-css-av-ll6bfekk-a193a7a79ebce89a97dd758df8e38cfd\">\n.flex_cell.av-ll6bfekk-a193a7a79ebce89a97dd758df8e38cfd{\nvertical-align:top;\n}\n<\/style>\n<div class='flex_cell av-ll6bfekk-a193a7a79ebce89a97dd758df8e38cfd av-gridrow-cell av_one_fifth no_margin  avia-builder-el-6  el_after_av_cell_one_fifth  el_before_av_cell_one_fifth '  ><div class='flex_cell_inner'><section  class='av_textblock_section av-ll6andsc-b227d47e8d44bca6e56cdb64229988e1 '   itemscope=\"itemscope\" itemtype=\"https:\/\/schema.org\/CreativeWork\" ><div class='avia_textblock'  itemprop=\"text\" ><p><strong style=\"font-size:1.2rem;\">Japan, Korea, Philippines, Taiwan, Thailand &amp; Vietnam<\/strong><\/p>\n<\/div><\/section>\n<\/div><\/div>\n<style type=\"text\/css\" data-created_by=\"avia_inline_auto\" id=\"style-css-av-ll6bjykw-546b6da2b12daf6aa0f8d915b9cdb5a7\">\n.flex_cell.av-ll6bjykw-546b6da2b12daf6aa0f8d915b9cdb5a7{\nvertical-align:top;\n}\n<\/style>\n<div class='flex_cell av-ll6bjykw-546b6da2b12daf6aa0f8d915b9cdb5a7 av-gridrow-cell av_one_fifth no_margin  avia-builder-el-8  el_after_av_cell_one_fifth  el_before_av_cell_one_fifth '  ><div class='flex_cell_inner'>\n<style type=\"text\/css\" data-created_by=\"avia_inline_auto\" id=\"style-css-av-ll6as7fy-540aa90a62fb2e7ff3674d5fc379da62\">\n.avia-image-container.av-ll6as7fy-540aa90a62fb2e7ff3674d5fc379da62 img.avia_image{\nbox-shadow:none;\n}\n.avia-image-container.av-ll6as7fy-540aa90a62fb2e7ff3674d5fc379da62 .av-image-caption-overlay-center{\ncolor:#ffffff;\n}\n<\/style>\n<div  class='avia-image-container av-ll6as7fy-540aa90a62fb2e7ff3674d5fc379da62 av-styling- av-img-linked avia-align-center  avia-builder-el-9  avia-builder-el-no-sibling '   itemprop=\"image\" itemscope=\"itemscope\" itemtype=\"https:\/\/schema.org\/ImageObject\" ><div class=\"avia-image-container-inner\"><div class=\"avia-image-overlay-wrap\"><a href=\"http:\/\/st-link.co.jp\/\" class='avia_image '  aria-label='logo_st-link-1'><img decoding=\"async\" fetchpriority=\"high\" class='wp-image-17135 avia-img-lazy-loading-not-17135 avia_image ' src=\"https:\/\/picard-kg.de\/wp-content\/uploads\/2023\/08\/logo_st-link-1.jpg\" alt='' title='logo_st-link-1'  height=\"171\" width=\"175\"  itemprop=\"thumbnailUrl\" srcset=\"https:\/\/picard-kg.de\/wp-content\/uploads\/2023\/08\/logo_st-link-1.jpg 175w, https:\/\/picard-kg.de\/wp-content\/uploads\/2023\/08\/logo_st-link-1-36x36.jpg 36w\" sizes=\"(max-width: 175px) 100vw, 175px\" \/><\/a><\/div><\/div><\/div>\n<\/div><\/div>\n<style type=\"text\/css\" data-created_by=\"avia_inline_auto\" id=\"style-css-av-ll6bk49y-392a28ed1b2dd728e4188570fb533e5d\">\n.flex_cell.av-ll6bk49y-392a28ed1b2dd728e4188570fb533e5d{\nvertical-align:top;\n}\n<\/style>\n<div class='flex_cell av-ll6bk49y-392a28ed1b2dd728e4188570fb533e5d av-gridrow-cell av_one_fifth no_margin  avia-builder-el-10  el_after_av_cell_one_fifth  el_before_av_cell_one_fifth '  ><div class='flex_cell_inner'><section  class='av_textblock_section av-ll6anjq0-3b34301c5a2765abe6171570422580e2 '   itemscope=\"itemscope\" itemtype=\"https:\/\/schema.org\/CreativeWork\" ><div class='avia_textblock'  itemprop=\"text\" ><p><strong>ST-LINK Co.,Ltd.<\/strong><br \/>\nNo.1365-1,Oigashima,TsubameShi<br \/>\nNiigata-Ken 959-0113<br \/>\nJapan<br \/>\nPhone: 0081\/256\/974846<\/p>\n<\/div><\/section>\n<\/div><\/div><div class='flex_cell av-9vwrdaj-07e3b500ea2ec00d5fc7df03fbda292a av-gridrow-cell av_one_fifth no_margin  avia-builder-el-12  el_after_av_cell_one_fifth  avia-builder-el-last '  ><div class='flex_cell_inner'><\/div><\/div><\/div><div id='after_grid_row_1'  class='main_color av_default_container_wrap container_wrap fullsize'  ><div class='container av-section-cont-open' ><div class='template-page content  av-content-full alpha units'><div class='post-entry post-entry-type-page post-entry-17226'><div class='entry-content-wrapper clearfix'><div  class='hr av-99792jv-13dabfc57f6fb8959faeaf7453606a16 hr-default  avia-builder-el-13  el_after_av_layout_row  el_before_av_layout_row  avia-builder-el-no-sibling '><span class='hr-inner '><span class=\"hr-inner-style\"><\/span><\/span><\/div><\/p>\n<\/div><\/div><\/div><!-- close content main div --><\/div><\/div><div id='av-layout-grid-2'  class='av-layout-grid-container av-94rgbsb-e82d1c10bd2c61df5dc875043f3fb6db entry-content-wrapper main_color av-flex-cells  avia-builder-el-14  el_after_av_hr  el_before_av_hr  grid-row-not-first  container_wrap fullsize'  >\n<div class='flex_cell av-8d6lve3-065d17b9b0e3a433a794db94d6003bc5 av-gridrow-cell av_one_fifth no_margin  avia-builder-el-15  el_before_av_cell_one_fifth  avia-builder-el-first '  ><div class='flex_cell_inner'><\/div><\/div>\n<style type=\"text\/css\" data-created_by=\"avia_inline_auto\" id=\"style-css-av-ll6bkd3a-dbdf7315bf7c92a4a9f21abfa8d84a41\">\n.flex_cell.av-ll6bkd3a-dbdf7315bf7c92a4a9f21abfa8d84a41{\nvertical-align:top;\n}\n<\/style>\n<div class='flex_cell av-ll6bkd3a-dbdf7315bf7c92a4a9f21abfa8d84a41 av-gridrow-cell av_one_fifth no_margin  avia-builder-el-16  el_after_av_cell_one_fifth  el_before_av_cell_one_fifth '  ><div class='flex_cell_inner'><section  class='av_textblock_section av-ll6aykai-54587a12d9870fc238e4c9bc19eb5684 '   itemscope=\"itemscope\" itemtype=\"https:\/\/schema.org\/CreativeWork\" ><div class='avia_textblock'  itemprop=\"text\" ><p><strong style=\"font-size:1.2rem;\">Lithuania<\/strong><\/p>\n<\/div><\/section>\n<\/div><\/div>\n<style type=\"text\/css\" data-created_by=\"avia_inline_auto\" id=\"style-css-av-ll6bkhdh-ee0a253fe1526ffcb378875bd10a928c\">\n.flex_cell.av-ll6bkhdh-ee0a253fe1526ffcb378875bd10a928c{\nvertical-align:top;\n}\n<\/style>\n<div class='flex_cell av-ll6bkhdh-ee0a253fe1526ffcb378875bd10a928c av-gridrow-cell av_one_fifth no_margin  avia-builder-el-18  el_after_av_cell_one_fifth  el_before_av_cell_one_fifth '  ><div class='flex_cell_inner'>\n<style type=\"text\/css\" data-created_by=\"avia_inline_auto\" id=\"style-css-av-ll6aszed-df011a3cbf91165fd986b6a973f90d25\">\n.avia-image-container.av-ll6aszed-df011a3cbf91165fd986b6a973f90d25 img.avia_image{\nbox-shadow:none;\n}\n.avia-image-container.av-ll6aszed-df011a3cbf91165fd986b6a973f90d25 .av-image-caption-overlay-center{\ncolor:#ffffff;\n}\n<\/style>\n<div  class='avia-image-container av-ll6aszed-df011a3cbf91165fd986b6a973f90d25 av-styling- av-img-linked avia-align-center  avia-builder-el-19  avia-builder-el-no-sibling '   itemprop=\"image\" itemscope=\"itemscope\" itemtype=\"https:\/\/schema.org\/ImageObject\" ><div class=\"avia-image-container-inner\"><div class=\"avia-image-overlay-wrap\"><a href=\"http:\/\/rdmx.lt\/\" class='avia_image ' target=\"_blank\" rel=\"noopener noreferrer\" aria-label='logo_rdmx-1'><img decoding=\"async\" fetchpriority=\"high\" class='wp-image-17137 avia-img-lazy-loading-not-17137 avia_image ' src=\"https:\/\/picard-kg.de\/wp-content\/uploads\/2023\/08\/logo_rdmx-1.jpg\" alt='' title='logo_rdmx-1'  height=\"93\" width=\"200\"  itemprop=\"thumbnailUrl\"  \/><\/a><\/div><\/div><\/div>\n<\/div><\/div>\n<style type=\"text\/css\" data-created_by=\"avia_inline_auto\" id=\"style-css-av-ll6bkndh-3e46faca532003c768d8efd8f9822027\">\n.flex_cell.av-ll6bkndh-3e46faca532003c768d8efd8f9822027{\nvertical-align:top;\n}\n<\/style>\n<div class='flex_cell av-ll6bkndh-3e46faca532003c768d8efd8f9822027 av-gridrow-cell av_one_fifth no_margin  avia-builder-el-20  el_after_av_cell_one_fifth  el_before_av_cell_one_fifth '  ><div class='flex_cell_inner'><section  class='av_textblock_section av-ll6ayqp9-f35425f0e1b4405866052fd746120c2d '   itemscope=\"itemscope\" itemtype=\"https:\/\/schema.org\/CreativeWork\" ><div class='avia_textblock'  itemprop=\"text\" ><p><strong>UAB RDMX<\/strong><br \/>\nAuk\u0161tai\u010di\u0173 g. 6<br \/>\n11341 Vilnius<br \/>\nLithuania<br \/>\nPhone: 00370\/68537900<\/p>\n<\/div><\/section>\n<\/div><\/div><div class='flex_cell av-80xo8rv-5b0c0aff6eab7a3d7a1a3c360f396a0b av-gridrow-cell av_one_fifth no_margin  avia-builder-el-22  el_after_av_cell_one_fifth  avia-builder-el-last '  ><div class='flex_cell_inner'><\/div><\/div><\/div><div id='after_grid_row_2'  class='main_color av_default_container_wrap container_wrap fullsize'  ><div class='container av-section-cont-open' ><div class='template-page content  av-content-full alpha units'><div class='post-entry post-entry-type-page post-entry-17226'><div class='entry-content-wrapper clearfix'><div  class='hr av-7nhkosr-546b09bcd72050de612fe1dd90dc5848 hr-default  avia-builder-el-23  el_after_av_layout_row  el_before_av_layout_row  avia-builder-el-no-sibling '><span class='hr-inner '><span class=\"hr-inner-style\"><\/span><\/span><\/div><\/p>\n<\/div><\/div><\/div><!-- close content main div --><\/div><\/div><div id='av-layout-grid-3'  class='av-layout-grid-container av-7646yyz-5e202961c6bb7809357b70481bbf4762 entry-content-wrapper main_color av-flex-cells  avia-builder-el-24  el_after_av_hr  el_before_av_hr  grid-row-not-first  container_wrap fullsize'  >\n<div class='flex_cell av-6luboh7-e26d3de2d95b50ed77f415c10ec2145a av-gridrow-cell av_one_fifth no_margin  avia-builder-el-25  el_before_av_cell_one_fifth  avia-builder-el-first '  ><div class='flex_cell_inner'><\/div><\/div>\n<style type=\"text\/css\" data-created_by=\"avia_inline_auto\" id=\"style-css-av-ll6bkuaa-5d719a887d839b64cbc4f445df0a25a0\">\n.flex_cell.av-ll6bkuaa-5d719a887d839b64cbc4f445df0a25a0{\nvertical-align:top;\n}\n<\/style>\n<div class='flex_cell av-ll6bkuaa-5d719a887d839b64cbc4f445df0a25a0 av-gridrow-cell av_one_fifth no_margin  avia-builder-el-26  el_after_av_cell_one_fifth  el_before_av_cell_one_fifth '  ><div class='flex_cell_inner'><section  class='av_textblock_section av-ll6ayw7q-2eb5ce21773744c511e23db4733a3497 '   itemscope=\"itemscope\" itemtype=\"https:\/\/schema.org\/CreativeWork\" ><div class='avia_textblock'  itemprop=\"text\" ><p><strong style=\"font-size:1.2rem;\">Netherlands, Belgium &amp; Luxembourg<\/strong><\/p>\n<\/div><\/section>\n<\/div><\/div>\n<style type=\"text\/css\" data-created_by=\"avia_inline_auto\" id=\"style-css-av-ll6bkzx2-afab174f5e8906c25a8a7d3f96e5459b\">\n.flex_cell.av-ll6bkzx2-afab174f5e8906c25a8a7d3f96e5459b{\nvertical-align:top;\n}\n<\/style>\n<div class='flex_cell av-ll6bkzx2-afab174f5e8906c25a8a7d3f96e5459b av-gridrow-cell av_one_fifth no_margin  avia-builder-el-28  el_after_av_cell_one_fifth  el_before_av_cell_one_fifth '  ><div class='flex_cell_inner'>\n<style type=\"text\/css\" data-created_by=\"avia_inline_auto\" id=\"style-css-av-ll6atrrq-deb524dda72ad241534df9487144d186\">\n.avia-image-container.av-ll6atrrq-deb524dda72ad241534df9487144d186 img.avia_image{\nbox-shadow:none;\n}\n.avia-image-container.av-ll6atrrq-deb524dda72ad241534df9487144d186 .av-image-caption-overlay-center{\ncolor:#ffffff;\n}\n<\/style>\n<div  class='avia-image-container av-ll6atrrq-deb524dda72ad241534df9487144d186 av-styling- av-img-linked avia-align-center  avia-builder-el-29  avia-builder-el-no-sibling '   itemprop=\"image\" itemscope=\"itemscope\" itemtype=\"https:\/\/schema.org\/ImageObject\" ><div class=\"avia-image-container-inner\"><div class=\"avia-image-overlay-wrap\"><a href=\"https:\/\/www.buvac.nl\/\" class='avia_image ' target=\"_blank\" rel=\"noopener noreferrer\" aria-label='image002'><img decoding=\"async\" fetchpriority=\"high\" class='wp-image-17139 avia-img-lazy-loading-not-17139 avia_image ' src=\"https:\/\/picard-kg.de\/wp-content\/uploads\/2023\/08\/image002.jpg\" alt='' title='image002'  height=\"144\" width=\"273\"  itemprop=\"thumbnailUrl\"  \/><\/a><\/div><\/div><\/div>\n<\/div><\/div>\n<style type=\"text\/css\" data-created_by=\"avia_inline_auto\" id=\"style-css-av-ll6bl4x9-f3631592108c0f419fbbeccbb5f3ecd4\">\n.flex_cell.av-ll6bl4x9-f3631592108c0f419fbbeccbb5f3ecd4{\nvertical-align:top;\n}\n<\/style>\n<div class='flex_cell av-ll6bl4x9-f3631592108c0f419fbbeccbb5f3ecd4 av-gridrow-cell av_one_fifth no_margin  avia-builder-el-30  el_after_av_cell_one_fifth  el_before_av_cell_one_fifth '  ><div class='flex_cell_inner'><section  class='av_textblock_section av-ll6az2br-29d1849860c240217b0c41c1cfb7bf2b '   itemscope=\"itemscope\" itemtype=\"https:\/\/schema.org\/CreativeWork\" ><div class='avia_textblock'  itemprop=\"text\" ><p><strong>Buvac B.V.<\/strong><br \/>\nMeerheide 106<br \/>\n5521 DX Eersel<br \/>\nNetherlands<br \/>\nPhone: 0031\/497\/382748<\/p>\n<\/div><\/section>\n<\/div><\/div><div class='flex_cell av-61xws97-6c6edd56850bc135bef5b23ec11f00b7 av-gridrow-cell av_one_fifth no_margin  avia-builder-el-32  el_after_av_cell_one_fifth  avia-builder-el-last '  ><div class='flex_cell_inner'><\/div><\/div><\/div><div id='after_grid_row_3'  class='main_color av_default_container_wrap container_wrap fullsize'  ><div class='container av-section-cont-open' ><div class='template-page content  av-content-full alpha units'><div class='post-entry post-entry-type-page post-entry-17226'><div class='entry-content-wrapper clearfix'><div  class='hr av-5qd9n4b-0428062fe14f4428b1d495fd69b5bd6e hr-default  avia-builder-el-33  el_after_av_layout_row  el_before_av_layout_row  avia-builder-el-no-sibling '><span class='hr-inner '><span class=\"hr-inner-style\"><\/span><\/span><\/div><\/p>\n<\/div><\/div><\/div><!-- close content main div --><\/div><\/div><div id='av-layout-grid-4'  class='av-layout-grid-container av-5acer3f-43c907534cff1f955e328ad822ddbca9 entry-content-wrapper main_color av-flex-cells  avia-builder-el-34  el_after_av_hr  el_before_av_hr  grid-row-not-first  container_wrap fullsize'  >\n<div class='flex_cell av-hatx57-7968aaec7d13e658f3c130299e8c8d17 av-gridrow-cell av_one_fifth no_margin  avia-builder-el-35  el_before_av_cell_one_fifth  avia-builder-el-first '  ><div class='flex_cell_inner'><\/div><\/div>\n<style type=\"text\/css\" data-created_by=\"avia_inline_auto\" id=\"style-css-av-ll6cgott-042ea50389621fbbdc679b6c2efefb9e\">\n.flex_cell.av-ll6cgott-042ea50389621fbbdc679b6c2efefb9e{\nvertical-align:top;\n}\n<\/style>\n<div class='flex_cell av-ll6cgott-042ea50389621fbbdc679b6c2efefb9e av-gridrow-cell av_one_fifth no_margin  avia-builder-el-36  el_after_av_cell_one_fifth  el_before_av_cell_one_fifth '  ><div class='flex_cell_inner'><section  class='av_textblock_section av-ll6azb2o-63229eb1953c16c0c4bead45756c1f8b '   itemscope=\"itemscope\" itemtype=\"https:\/\/schema.org\/CreativeWork\" ><div class='avia_textblock'  itemprop=\"text\" ><p><strong style=\"font-size: 1.2rem;\">Polska<\/strong><\/p>\n<\/div><\/section>\n<\/div><\/div><div class='flex_cell av-4df0pnv-eac1b5abf435af8781805a1b4e14d763 av-gridrow-cell av_one_fifth no_margin  avia-builder-el-38  el_after_av_cell_one_fifth  el_before_av_cell_one_fifth '  ><div class='flex_cell_inner'>\n<style type=\"text\/css\" data-created_by=\"avia_inline_auto\" id=\"style-css-av-ll6auoas-ed69796bd2a1a3be7960b0d36437b49e\">\n.avia-image-container.av-ll6auoas-ed69796bd2a1a3be7960b0d36437b49e img.avia_image{\nbox-shadow:none;\n}\n.avia-image-container.av-ll6auoas-ed69796bd2a1a3be7960b0d36437b49e .av-image-caption-overlay-center{\ncolor:#ffffff;\n}\n<\/style>\n<div  class='avia-image-container av-ll6auoas-ed69796bd2a1a3be7960b0d36437b49e av-styling- av-img-linked avia-align-center  avia-builder-el-39  avia-builder-el-no-sibling '   itemprop=\"image\" itemscope=\"itemscope\" itemtype=\"https:\/\/schema.org\/ImageObject\" ><div class=\"avia-image-container-inner\"><div class=\"avia-image-overlay-wrap\"><a href=\"https:\/\/boschert.pl\/\" class='avia_image ' target=\"_blank\" rel=\"noopener noreferrer\" aria-label='BOSCHERT'><img decoding=\"async\" fetchpriority=\"high\" class='wp-image-17141 avia-img-lazy-loading-not-17141 avia_image ' src=\"https:\/\/picard-kg.de\/wp-content\/uploads\/2023\/08\/BOSCHERT.jpg\" alt='' title='BOSCHERT'  height=\"96\" width=\"275\"  itemprop=\"thumbnailUrl\"  \/><\/a><\/div><\/div><\/div>\n<\/div><\/div><div class='flex_cell av-3yckoej-93136aae94f981f44751029de83e2478 av-gridrow-cell av_one_fifth no_margin  avia-builder-el-40  el_after_av_cell_one_fifth  el_before_av_cell_one_fifth '  ><div class='flex_cell_inner'><section  class='av_textblock_section av-ll6azhed-377b6517d631e366fe693cfb92ff9bc5 '   itemscope=\"itemscope\" itemtype=\"https:\/\/schema.org\/CreativeWork\" ><div class='avia_textblock'  itemprop=\"text\" ><p><strong>Boschert Polska Sp. z.o.o.<\/strong><br \/>\nul. Henryka Wieniawskiego 18<br \/>\n41-506 Chorz\u00f3w<br \/>\nPolska<br \/>\nPhone: 0048\/32\/2282230<\/p>\n<\/div><\/section>\n<\/div><\/div><div class='flex_cell av-3m1qgnf-1ee4e69d8c77da3387e21c37e247beed av-gridrow-cell av_one_fifth no_margin  avia-builder-el-42  el_after_av_cell_one_fifth  avia-builder-el-last '  ><div class='flex_cell_inner'><\/div><\/div><\/div><div id='after_grid_row_4'  class='main_color av_default_container_wrap container_wrap fullsize'  ><div class='container av-section-cont-open' ><div class='template-page content  av-content-full alpha units'><div class='post-entry post-entry-type-page post-entry-17226'><div class='entry-content-wrapper clearfix'><div  class='hr av-b4edjf-368a72d6a18c929a7371edde0c2c5fb8 hr-default  avia-builder-el-43  el_after_av_layout_row  el_before_av_layout_row  avia-builder-el-no-sibling '><span class='hr-inner '><span class=\"hr-inner-style\"><\/span><\/span><\/div><\/p>\n<\/div><\/div><\/div><!-- close content main div --><\/div><\/div><div id='av-layout-grid-5'  class='av-layout-grid-container av-2gw7ex7-992b164cce783497eb62ad0a79478346 entry-content-wrapper main_color av-flex-cells  avia-builder-el-44  el_after_av_hr  avia-builder-el-last  grid-row-not-first  container_wrap fullsize'  >\n<div class='flex_cell av-1zcc2ln-6a8591b0f0b8e3316bda34fc2caa7337 av-gridrow-cell av_one_fifth no_margin  avia-builder-el-45  el_before_av_cell_one_fifth  avia-builder-el-first '  ><div class='flex_cell_inner'><\/div><\/div>\n<style type=\"text\/css\" data-created_by=\"avia_inline_auto\" id=\"style-css-av-ll6b27l5-3dac74c27ce162acccc81c02d1011768\">\n.flex_cell.av-ll6b27l5-3dac74c27ce162acccc81c02d1011768{\nvertical-align:top;\n}\n<\/style>\n<div class='flex_cell av-ll6b27l5-3dac74c27ce162acccc81c02d1011768 av-gridrow-cell av_one_fifth no_margin  avia-builder-el-46  el_after_av_cell_one_fifth  el_before_av_cell_one_fifth '  ><div class='flex_cell_inner'><section  class='av_textblock_section av-ll6azocl-d47518aed9c932cb930c562d7c6648b3 '   itemscope=\"itemscope\" itemtype=\"https:\/\/schema.org\/CreativeWork\" ><div class='avia_textblock'  itemprop=\"text\" ><p><strong style=\"font-size: 1.2rem;\">Spain<\/strong><\/p>\n<\/div><\/section>\n<\/div><\/div><div class='flex_cell av-1i6e9u3-7bf67d15eeb6679544bed0b8da425a08 av-gridrow-cell av_one_fifth no_margin  avia-builder-el-48  el_after_av_cell_one_fifth  el_before_av_cell_one_fifth '  ><div class='flex_cell_inner'>\n<style type=\"text\/css\" data-created_by=\"avia_inline_auto\" id=\"style-css-av-ll6awbo4-605e0efd2066f6d7df227904943a5ff7\">\n.avia-image-container.av-ll6awbo4-605e0efd2066f6d7df227904943a5ff7 img.avia_image{\nbox-shadow:none;\n}\n.avia-image-container.av-ll6awbo4-605e0efd2066f6d7df227904943a5ff7 .av-image-caption-overlay-center{\ncolor:#ffffff;\n}\n<\/style>\n<div  class='avia-image-container av-ll6awbo4-605e0efd2066f6d7df227904943a5ff7 av-styling- av-img-linked avia-align-center  avia-builder-el-49  avia-builder-el-no-sibling '   itemprop=\"image\" itemscope=\"itemscope\" itemtype=\"https:\/\/schema.org\/ImageObject\" ><div class=\"avia-image-container-inner\"><div class=\"avia-image-overlay-wrap\"><a href=\"https:\/\/marpex.es\/\" class='avia_image ' target=\"_blank\" rel=\"noopener noreferrer\" aria-label='MARPEX_new'><img decoding=\"async\" fetchpriority=\"high\" class='wp-image-17143 avia-img-lazy-loading-not-17143 avia_image ' src=\"https:\/\/picard-kg.de\/wp-content\/uploads\/2023\/08\/MARPEX_new-180x180.jpg\" alt='' title='MARPEX_new'  height=\"180\" width=\"180\"  itemprop=\"thumbnailUrl\" srcset=\"https:\/\/picard-kg.de\/wp-content\/uploads\/2023\/08\/MARPEX_new-180x180.jpg 180w, https:\/\/picard-kg.de\/wp-content\/uploads\/2023\/08\/MARPEX_new-80x80.jpg 80w, https:\/\/picard-kg.de\/wp-content\/uploads\/2023\/08\/MARPEX_new-36x36.jpg 36w\" sizes=\"(max-width: 180px) 100vw, 180px\" \/><\/a><\/div><\/div><\/div>\n<\/div><\/div><div class='flex_cell av-19br2vf-843514807ccbc2f556ba5bbc33d7375b av-gridrow-cell av_one_fifth no_margin  avia-builder-el-50  el_after_av_cell_one_fifth  el_before_av_cell_one_fifth '  ><div class='flex_cell_inner'><section  class='av_textblock_section av-ll6b00o8-b0d2414658b27c57dd227e38da9343cd '   itemscope=\"itemscope\" itemtype=\"https:\/\/schema.org\/CreativeWork\" ><div class='avia_textblock'  itemprop=\"text\" ><p><strong>MARPEX Importaciones, S.L.<\/strong><br \/>\nPoligono Ibabe, Pabellon 16<br \/>\n20210 Lazkao<br \/>\nSpain<br \/>\nPhone: 0034\/943882582<\/p>\n<\/div><\/section>\n<\/div><\/div><div class='flex_cell av-phyhpn-1df0071ab7addb6741f9ec2ac110722a av-gridrow-cell av_one_fifth no_margin  avia-builder-el-52  el_after_av_cell_one_fifth  avia-builder-el-last '  ><div class='flex_cell_inner'><\/div><\/div><\/div>\n","protected":false},"excerpt":{"rendered":"","protected":false},"author":1,"featured_media":0,"parent":0,"menu_order":0,"comment_status":"closed","ping_status":"closed","template":"","meta":{"footnotes":"","_links_to":"","_links_to_target":""},"class_list":["post-17226","page","type-page","status-publish","hentry"],"_links":{"self":[{"href":"https:\/\/picard-kg.de\/en\/wp-json\/wp\/v2\/pages\/17226","targetHints":{"allow":["GET"]}}],"collection":[{"href":"https:\/\/picard-kg.de\/en\/wp-json\/wp\/v2\/pages"}],"about":[{"href":"https:\/\/picard-kg.de\/en\/wp-json\/wp\/v2\/types\/page"}],"author":[{"embeddable":true,"href":"https:\/\/picard-kg.de\/en\/wp-json\/wp\/v2\/users\/1"}],"replies":[{"embeddable":true,"href":"https:\/\/picard-kg.de\/en\/wp-json\/wp\/v2\/comments?post=17226"}],"version-history":[{"count":7,"href":"https:\/\/picard-kg.de\/en\/wp-json\/wp\/v2\/pages\/17226\/revisions"}],"predecessor-version":[{"id":18521,"href":"https:\/\/picard-kg.de\/en\/wp-json\/wp\/v2\/pages\/17226\/revisions\/18521"}],"wp:attachment":[{"href":"https:\/\/picard-kg.de\/en\/wp-json\/wp\/v2\/media?parent=17226"}],"curies":[{"name":"wp","href":"https:\/\/api.w.org\/{rel}","templated":true}]}}